{"id":99,"date":"2025-03-22T20:26:58","date_gmt":"2025-03-22T19:26:58","guid":{"rendered":"https:\/\/www.fiu3dprints.sk\/?page_id=99"},"modified":"2025-04-24T20:29:26","modified_gmt":"2025-04-24T18:29:26","slug":"nasa-ponuka","status":"publish","type":"page","link":"https:\/\/www.fiu3dprints.sk\/index.php\/nasa-ponuka\/","title":{"rendered":"Na\u0161a ponuka"},"content":{"rendered":"<p>[et_pb_section fb_built=&#8221;1&#8243; _builder_version=&#8221;4.27.4&#8243; _module_preset=&#8221;default&#8221; background_color=&#8221;#6e6e6e&#8221; global_colors_info=&#8221;{}&#8221;][et_pb_row _builder_version=&#8221;4.27.4&#8243; _module_preset=&#8221;default&#8221; global_colors_info=&#8221;{}&#8221;][et_pb_column type=&#8221;4_4&#8243; _builder_version=&#8221;4.27.4&#8243; _module_preset=&#8221;default&#8221; global_colors_info=&#8221;{}&#8221;][et_pb_heading title=&#8221;Na\u0161a ponuka&#8221; _builder_version=&#8221;4.27.4&#8243; _module_preset=&#8221;default&#8221; title_font=&#8221;Nunito|800|||||||&#8221; title_text_color=&#8221;#FFFFFF&#8221; global_colors_info=&#8221;{}&#8221;][\/et_pb_heading][\/et_pb_column][\/et_pb_row][et_pb_row column_structure=&#8221;1_2,1_2&#8243; _builder_version=&#8221;4.27.4&#8243; _module_preset=&#8221;default&#8221; custom_padding=&#8221;|||46px|false|false&#8221; global_colors_info=&#8221;{}&#8221;][et_pb_column type=&#8221;1_2&#8243; _builder_version=&#8221;4.27.4&#8243; _module_preset=&#8221;default&#8221; global_colors_info=&#8221;{}&#8221;][et_pb_image src=&#8221;https:\/\/www.fiu3dprints.sk\/wp-content\/uploads\/2025\/02\/istockphoto-1164781417-612&#215;612-1.jpg&#8221; title_text=&#8221;istockphoto-1164781417-612&#215;612&#8243; _builder_version=&#8221;4.27.4&#8243; _module_preset=&#8221;default&#8221; animation_style=&#8221;slide&#8221; animation_direction=&#8221;left&#8221; animation_duration=&#8221;1250ms&#8221; animation_intensity_slide=&#8221;10%&#8221; global_colors_info=&#8221;{}&#8221; filter_contrast__hover_enabled=&#8221;on|desktop&#8221;][\/et_pb_image][\/et_pb_column][et_pb_column type=&#8221;1_2&#8243; _builder_version=&#8221;4.27.4&#8243; _module_preset=&#8221;default&#8221; global_colors_info=&#8221;{}&#8221;][et_pb_text _builder_version=&#8221;4.27.4&#8243; _module_preset=&#8221;default&#8221; text_font=&#8221;Nunito||||||||&#8221; text_text_color=&#8221;#FFFFFF&#8221; text_font_size=&#8221;18px&#8221; header_font=&#8221;Nunito||||||||&#8221; header_text_color=&#8221;#baff39&#8243; background_color=&#8221;RGBA(255,255,255,0)&#8221; min_height=&#8221;272.4px&#8221; animation_style=&#8221;slide&#8221; animation_direction=&#8221;right&#8221; animation_duration=&#8221;1250ms&#8221; animation_intensity_slide=&#8221;10%&#8221; global_colors_info=&#8221;{}&#8221;]<\/p>\n<h1><strong>3D modelovanie<\/strong><\/h1>\n<p>&nbsp;<\/p>\n<p>&nbsp;<\/p>\n<p>M\u00e1te predstavu o\u00a0svojom v\u00fdrobku ale ch\u00fdba V\u00e1m model? Nechajte to na n\u00e1s! Pom\u00f4\u017eeme V\u00e1m s\u00a03D n\u00e1vrhom za pomoci CAD softwaru.<\/p>\n<p>[\/et_pb_text][\/et_pb_column][\/et_pb_row][et_pb_row _builder_version=&#8221;4.27.4&#8243; _module_preset=&#8221;default&#8221; custom_padding=&#8221;|||51px|false|false&#8221; global_colors_info=&#8221;{}&#8221;][et_pb_column type=&#8221;4_4&#8243; _builder_version=&#8221;4.27.4&#8243; _module_preset=&#8221;default&#8221; global_colors_info=&#8221;{}&#8221;][et_pb_text _builder_version=&#8221;4.27.4&#8243; _module_preset=&#8221;default&#8221; text_font=&#8221;Nunito||||||||&#8221; text_text_color=&#8221;#FFFFFF&#8221; text_font_size=&#8221;18px&#8221; header_font=&#8221;Nunito||||||||&#8221; header_text_color=&#8221;#baff39&#8243; background_color=&#8221;RGBA(255,255,255,0)&#8221; min_height=&#8221;176.4px&#8221; custom_padding=&#8221;||0px|||&#8221; animation_style=&#8221;slide&#8221; animation_duration=&#8221;1250ms&#8221; animation_intensity_slide=&#8221;10%&#8221; global_colors_info=&#8221;{}&#8221;]<\/p>\n<h1><strong>Tla\u010d 3D modelov<\/strong><\/h1>\n<p>&nbsp;<\/p>\n<p>Pred samotnou tla\u010dou d\u00f4kladne prehodnocujeme technol\u00f3giu tla\u010de, ale aj pou\u017eit\u00fd materi\u00e1l. Na z\u00e1klade na\u0161ich sk\u00fasenost\u00ed odporu\u010d\u00edme z\u00e1kazn\u00edkovi najvhodnej\u0161\u00ed materi\u00e1l. Na\u0161\u00edm z\u00e1ujmom je \u0161etri\u0165 financie klientov a z\u00e1rove\u0148 zefekt\u00edvni\u0165 pracovn\u00fd proces.<\/p>\n<p>[\/et_pb_text][\/et_pb_column][\/et_pb_row][et_pb_row column_structure=&#8221;1_2,1_2&#8243; _builder_version=&#8221;4.27.4&#8243; _module_preset=&#8221;default&#8221; custom_padding=&#8221;|||46px|false|false&#8221; global_colors_info=&#8221;{}&#8221;][et_pb_column type=&#8221;1_2&#8243; _builder_version=&#8221;4.27.4&#8243; _module_preset=&#8221;default&#8221; global_colors_info=&#8221;{}&#8221;][et_pb_image src=&#8221;https:\/\/www.fiu3dprints.sk\/wp-content\/uploads\/2025\/02\/FDM_tlac.png&#8221; title_text=&#8221;FDM_tla\u010d&#8221; _builder_version=&#8221;4.27.4&#8243; _module_preset=&#8221;default&#8221; animation_style=&#8221;slide&#8221; animation_direction=&#8221;left&#8221; animation_duration=&#8221;1250ms&#8221; animation_intensity_slide=&#8221;10%&#8221; global_colors_info=&#8221;{}&#8221;][\/et_pb_image][et_pb_text _builder_version=&#8221;4.27.4&#8243; _module_preset=&#8221;default&#8221; text_font=&#8221;Nunito||||||||&#8221; text_text_color=&#8221;#FFFFFF&#8221; text_font_size=&#8221;18px&#8221; header_font=&#8221;Nunito||||||||&#8221; header_text_color=&#8221;#baff39&#8243; background_color=&#8221;RGBA(255,255,255,0)&#8221; min_height=&#8221;272.4px&#8221; custom_margin=&#8221;||112px|||&#8221; animation_style=&#8221;slide&#8221; animation_direction=&#8221;left&#8221; animation_duration=&#8221;1250ms&#8221; animation_intensity_slide=&#8221;10%&#8221; global_colors_info=&#8221;{}&#8221;]<\/p>\n<h1><strong>3D tla\u010d technol\u00f3giou SLA<\/strong><\/h1>\n<p>&nbsp;<\/p>\n<p>&nbsp;<\/p>\n<p>Je V\u00e1\u0161 model prepracovan\u00fd do posledn\u00e9ho detailu ? Odpor\u00fa\u010dame V\u00e1m vysoko kvalitn\u00fa SLA tla\u010d, kde zhmotn\u00edme aj tie najdetailnej\u0161ie\u00a0 \u010dasti modelu. T\u00fato tla\u010d odpor\u00fa\u010dame napr\u00edklad pri tla\u010di fig\u00farok.<\/p>\n<p>[\/et_pb_text][et_pb_image src=&#8221;https:\/\/www.fiu3dprints.sk\/wp-content\/uploads\/2025\/02\/laserove_gravirovanie_edit-e1739706707562.jpg&#8221; title_text=&#8221;laserove_gravirovanie_edit&#8221; _builder_version=&#8221;4.27.4&#8243; _module_preset=&#8221;default&#8221; animation_style=&#8221;slide&#8221; animation_direction=&#8221;left&#8221; animation_duration=&#8221;1250ms&#8221; animation_intensity_slide=&#8221;10%&#8221; global_colors_info=&#8221;{}&#8221;][\/et_pb_image][et_pb_text _builder_version=&#8221;4.27.4&#8243; _module_preset=&#8221;default&#8221; text_font=&#8221;Nunito||||||||&#8221; text_text_color=&#8221;#FFFFFF&#8221; text_font_size=&#8221;18px&#8221; header_font=&#8221;Nunito||||||||&#8221; header_text_color=&#8221;#baff39&#8243; background_color=&#8221;RGBA(255,255,255,0)&#8221; min_height=&#8221;272.4px&#8221; custom_padding=&#8221;1px|||||&#8221; animation_style=&#8221;slide&#8221; animation_direction=&#8221;left&#8221; animation_duration=&#8221;1250ms&#8221; animation_intensity_slide=&#8221;10%&#8221; global_colors_info=&#8221;{}&#8221;]<\/p>\n<h1><strong>CNC fr\u00e9zovanie<\/strong><\/h1>\n<p>&nbsp;<\/p>\n<p>&nbsp;<\/p>\n<p>&nbsp;<\/p>\n<p>S\u00fa\u010das\u0165ou n\u00e1\u0161ho portf\u00f3lia je aj CNC fr\u00e9zovanie do dreva, \u010di akrylov\u00fdch dosiek s\u00a0rozmermi a\u017e 2,4 x 2,6m.<\/p>\n<p>[\/et_pb_text][\/et_pb_column][et_pb_column type=&#8221;1_2&#8243; _builder_version=&#8221;4.27.4&#8243; _module_preset=&#8221;default&#8221; global_colors_info=&#8221;{}&#8221;][et_pb_text _builder_version=&#8221;4.27.4&#8243; _module_preset=&#8221;default&#8221; text_font=&#8221;Nunito||||||||&#8221; text_text_color=&#8221;#FFFFFF&#8221; text_font_size=&#8221;18px&#8221; header_font=&#8221;Nunito||||||||&#8221; header_text_color=&#8221;#baff39&#8243; background_color=&#8221;RGBA(255,255,255,0)&#8221; min_height=&#8221;272.4px&#8221; custom_margin=&#8221;||44px|||&#8221; animation_style=&#8221;slide&#8221; animation_direction=&#8221;right&#8221; animation_duration=&#8221;1250ms&#8221; animation_intensity_slide=&#8221;10%&#8221; global_colors_info=&#8221;{}&#8221;]<\/p>\n<h1><strong>3D tla\u010d technol\u00f3giou FDM<\/strong><\/h1>\n<p>&nbsp;<\/p>\n<p>&nbsp;<\/p>\n<p>Pon\u00fakame ve\u013emi r\u00fdchlu a kvalitn\u00fa FDM tla\u010d. Tento druh technol\u00f3gie vyu\u017e\u00edvame predov\u0161etk\u00fdm na s\u00e9riov\u00fa v\u00fdrobu modelov, kedy model neobsahuje zlo\u017eit\u00e9 detaily.<\/p>\n<p>[\/et_pb_text][et_pb_image src=&#8221;https:\/\/www.fiu3dprints.sk\/wp-content\/uploads\/2025\/02\/SLA_tlac_edit.jpg&#8221; title_text=&#8221;SLA_tla\u010d_edit&#8221; disabled_on=&#8221;off|off|off&#8221; admin_label=&#8221;Obr\u00e1zok&#8221; _builder_version=&#8221;4.27.4&#8243; _module_preset=&#8221;default&#8221; animation_style=&#8221;slide&#8221; animation_direction=&#8221;right&#8221; animation_duration=&#8221;1250ms&#8221; animation_intensity_slide=&#8221;10%&#8221; global_colors_info=&#8221;{}&#8221;][\/et_pb_image][et_pb_text _builder_version=&#8221;4.27.4&#8243; _module_preset=&#8221;default&#8221; text_font=&#8221;Nunito||||||||&#8221; text_text_color=&#8221;#FFFFFF&#8221; text_font_size=&#8221;18px&#8221; header_font=&#8221;Nunito||||||||&#8221; header_text_color=&#8221;#baff39&#8243; background_color=&#8221;RGBA(255,255,255,0)&#8221; min_height=&#8221;272.4px&#8221; custom_margin=&#8221;||118px|||&#8221; animation_style=&#8221;slide&#8221; animation_direction=&#8221;right&#8221; animation_duration=&#8221;1250ms&#8221; animation_intensity_slide=&#8221;10%&#8221; global_colors_info=&#8221;{}&#8221;]<\/p>\n<h1><strong>Laserov\u00e9 grav\u00edrovanie<\/strong><\/h1>\n<p>&nbsp;<\/p>\n<p>&nbsp;<\/p>\n<p>Chcete ozna\u010di\u0165 svoje produkty origin\u00e1lnym logom, \u010di obdari\u0165 svojich najbli\u017e\u0161\u00edch predmetom s\u00a0jedine\u010dn\u00fdm n\u00e1pisom \u010di vzorom ? Za pomoci laserov\u00e9ho grav\u00edrovania premen\u00edme aj ten najbe\u017enej\u0161\u00ed predmet na origin\u00e1lny k\u00fasok.<\/p>\n<p>[\/et_pb_text][et_pb_image src=&#8221;https:\/\/www.fiu3dprints.sk\/wp-content\/uploads\/2025\/02\/CNC_frezovanie.jpg&#8221; title_text=&#8221;CNC_frezovanie&#8221; _builder_version=&#8221;4.27.4&#8243; _module_preset=&#8221;default&#8221; animation_style=&#8221;slide&#8221; animation_direction=&#8221;right&#8221; animation_duration=&#8221;1250ms&#8221; animation_intensity_slide=&#8221;10%&#8221; global_colors_info=&#8221;{}&#8221;][\/et_pb_image][\/et_pb_column][\/et_pb_row][\/et_pb_section]<\/p>\n","protected":false},"excerpt":{"rendered":"<p>3D modelovanie &nbsp; &nbsp; M\u00e1te predstavu o\u00a0svojom v\u00fdrobku ale ch\u00fdba V\u00e1m model? Nechajte to na n\u00e1s! Pom\u00f4\u017eeme V\u00e1m s\u00a03D n\u00e1vrhom za pomoci CAD softwaru.Tla\u010d 3D modelov &nbsp; Pred samotnou tla\u010dou d\u00f4kladne prehodnocujeme technol\u00f3giu tla\u010de, ale aj pou\u017eit\u00fd materi\u00e1l. Na z\u00e1klade na\u0161ich sk\u00fasenost\u00ed odporu\u010d\u00edme z\u00e1kazn\u00edkovi najvhodnej\u0161\u00ed materi\u00e1l. Na\u0161\u00edm z\u00e1ujmom je \u0161etri\u0165 financie klientov a z\u00e1rove\u0148 zefekt\u00edvni\u0165 [&hellip;]<\/p>\n","protected":false},"author":1,"featured_media":0,"parent":0,"menu_order":0,"comment_status":"closed","ping_status":"closed","template":"","meta":{"_et_pb_use_builder":"on","_et_pb_old_content":"","_et_gb_content_width":"","footnotes":""},"class_list":["post-99","page","type-page","status-publish","hentry"],"_links":{"self":[{"href":"https:\/\/www.fiu3dprints.sk\/index.php\/wp-json\/wp\/v2\/pages\/99","targetHints":{"allow":["GET"]}}],"collection":[{"href":"https:\/\/www.fiu3dprints.sk\/index.php\/wp-json\/wp\/v2\/pages"}],"about":[{"href":"https:\/\/www.fiu3dprints.sk\/index.php\/wp-json\/wp\/v2\/types\/page"}],"author":[{"embeddable":true,"href":"https:\/\/www.fiu3dprints.sk\/index.php\/wp-json\/wp\/v2\/users\/1"}],"replies":[{"embeddable":true,"href":"https:\/\/www.fiu3dprints.sk\/index.php\/wp-json\/wp\/v2\/comments?post=99"}],"version-history":[{"count":7,"href":"https:\/\/www.fiu3dprints.sk\/index.php\/wp-json\/wp\/v2\/pages\/99\/revisions"}],"predecessor-version":[{"id":181,"href":"https:\/\/www.fiu3dprints.sk\/index.php\/wp-json\/wp\/v2\/pages\/99\/revisions\/181"}],"wp:attachment":[{"href":"https:\/\/www.fiu3dprints.sk\/index.php\/wp-json\/wp\/v2\/media?parent=99"}],"curies":[{"name":"wp","href":"https:\/\/api.w.org\/{rel}","templated":true}]}}