{"id":32,"date":"2025-02-14T20:06:39","date_gmt":"2025-02-14T19:06:39","guid":{"rendered":"https:\/\/www.fiu3dprints.sk\/?page_id=32"},"modified":"2025-03-22T20:52:25","modified_gmt":"2025-03-22T19:52:25","slug":"32-2","status":"publish","type":"page","link":"https:\/\/www.fiu3dprints.sk\/","title":{"rendered":"O n\u00e1s"},"content":{"rendered":"<p>[et_pb_section fb_built=&#8221;1&#8243; _builder_version=&#8221;4.27.4&#8243; _module_preset=&#8221;default&#8221; background_color=&#8221;#6e6e6e&#8221; global_colors_info=&#8221;{}&#8221;][et_pb_row _builder_version=&#8221;4.27.4&#8243; _module_preset=&#8221;default&#8221; animation_style=&#8221;slide&#8221; animation_direction=&#8221;top&#8221; animation_duration=&#8221;1250ms&#8221; animation_intensity_slide=&#8221;10%&#8221; hover_enabled=&#8221;0&#8243; global_colors_info=&#8221;{}&#8221; sticky_enabled=&#8221;0&#8243;][et_pb_column type=&#8221;4_4&#8243; _builder_version=&#8221;4.27.4&#8243; _module_preset=&#8221;default&#8221; global_colors_info=&#8221;{}&#8221;][et_pb_heading title=&#8221;O n\u00e1s&#8221; _builder_version=&#8221;4.27.4&#8243; _module_preset=&#8221;default&#8221; title_font=&#8221;Nunito|800|||||||&#8221; title_text_color=&#8221;#FFFFFF&#8221; global_colors_info=&#8221;{}&#8221;][\/et_pb_heading][\/et_pb_column][\/et_pb_row][et_pb_row _builder_version=&#8221;4.27.4&#8243; _module_preset=&#8221;default&#8221; custom_padding=&#8221;|||46px|false|false&#8221; animation_style=&#8221;slide&#8221; animation_direction=&#8221;bottom&#8221; animation_duration=&#8221;1250ms&#8221; animation_intensity_slide=&#8221;10%&#8221; hover_enabled=&#8221;0&#8243; global_colors_info=&#8221;{}&#8221; sticky_enabled=&#8221;0&#8243;][et_pb_column type=&#8221;4_4&#8243; _builder_version=&#8221;4.27.4&#8243; _module_preset=&#8221;default&#8221; global_colors_info=&#8221;{}&#8221;][et_pb_text _builder_version=&#8221;4.27.4&#8243; _module_preset=&#8221;default&#8221; text_font=&#8221;Nunito||||||||&#8221; text_text_color=&#8221;#FFFFFF&#8221; text_font_size=&#8221;18px&#8221; header_font=&#8221;Nunito||||||||&#8221; header_text_color=&#8221;#baff39&#8243; background_color=&#8221;RGBA(255,255,255,0)&#8221; global_colors_info=&#8221;{}&#8221;]<\/p>\n<h1><strong>Zmysel<\/strong><\/h1>\n<p style=\"padding-left: 40px;\">Na\u0161\u00edm cie\u013eom je aby aj t\u00e1 najbe\u017enej\u0161ia, \u010di najmen\u0161ia vec dostala svojho ducha v\u010faka d\u00f4sledn\u00e9mu prepracovaniu a\u00a0stala sa jedine\u010dnou s\u00a0nezabudnute\u013en\u00fdm vzh\u013eadom.<\/p>\n<p>[\/et_pb_text][et_pb_text _builder_version=&#8221;4.27.4&#8243; _module_preset=&#8221;default&#8221; text_font=&#8221;Nunito||||||||&#8221; text_text_color=&#8221;#FFFFFF&#8221; text_font_size=&#8221;18px&#8221; header_font=&#8221;Nunito||||||||&#8221; header_text_color=&#8221;#baff39&#8243; background_color=&#8221;RGBA(255,255,255,0)&#8221; global_colors_info=&#8221;{}&#8221;]<\/p>\n<p>&nbsp;<\/p>\n<h1 style=\"text-align: left;\"><strong>V\u00edzia<\/strong><\/h1>\n<p style=\"padding-left: 40px;\">Chceme budova\u0165 spolo\u010dnos\u0165, ktor\u00e1 sa stane spo\u013eahliv\u00fdm partnerom pre na\u0161ich klientov. Neust\u00e1la pr\u00e1ca na zlep\u0161ovan\u00ed v\u00fdrobn\u00fdch procesov a\u00a0nasl\u00fachanie potrieb klientov n\u00e1s bude vies\u0165 vpred.<\/p>\n<p>[\/et_pb_text][et_pb_text _builder_version=&#8221;4.27.4&#8243; _module_preset=&#8221;default&#8221; text_font=&#8221;Nunito||||||||&#8221; text_text_color=&#8221;#FFFFFF&#8221; text_font_size=&#8221;18px&#8221; header_font=&#8221;Nunito||||||||&#8221; header_text_color=&#8221;#baff39&#8243; background_color=&#8221;RGBA(255,255,255,0)&#8221; global_colors_info=&#8221;{}&#8221;]<\/p>\n<p>&nbsp;<\/p>\n<h1><strong>Poslanie<\/strong><\/h1>\n<p style=\"padding-left: 40px;\">Na\u0161\u00edm poslan\u00edm je poskytn\u00fa\u0165 z\u00e1kazn\u00edkovi profesion\u00e1lny a\u00a0\u013eudsk\u00fd pr\u00edstup v\u00a0oblasti 3D tla\u010de, pri jeho ceste k jedine\u010dn\u00e9mu v\u00fdrobku. Chceme poskytn\u00fa\u0165 z\u00e1kazn\u00edkom hodnoty, ktor\u00e9 ich utvrdia o\u00a0\u010fal\u0161ej spolupr\u00e1ci s\u00a0na\u0161ou spolo\u010dnos\u0165ou.<\/p>\n<p>[\/et_pb_text][et_pb_text _builder_version=&#8221;4.27.4&#8243; _module_preset=&#8221;default&#8221; text_font=&#8221;Nunito||||||||&#8221; text_text_color=&#8221;#FFFFFF&#8221; text_font_size=&#8221;18px&#8221; header_font=&#8221;Nunito|500|||||||&#8221; header_text_color=&#8221;#baff39&#8243; background_color=&#8221;RGBA(255,255,255,0)&#8221; global_colors_info=&#8221;{}&#8221;]<\/p>\n<p>&nbsp;<\/p>\n<h1><strong>Ho<\/strong><strong>dnoty<\/strong><\/h1>\n<ul>\n<li style=\"list-style-type: none;\">\n<ul>\n<li>Ka\u017ed\u00e9mu probl\u00e9mu n\u00e1jdeme efekt\u00edvne rie\u0161enie<\/li>\n<li>Nasl\u00fachame na\u0161im z\u00e1kazn\u00edkom a\u00a0db\u00e1me na ich potreby<\/li>\n<li>Zabezpe\u010denie najvy\u0161\u0161ej kvality<\/li>\n<\/ul>\n<\/li>\n<\/ul>\n<p>[\/et_pb_text][\/et_pb_column][\/et_pb_row][\/et_pb_section]<\/p>\n","protected":false},"excerpt":{"rendered":"<p>Zmysel Na\u0161\u00edm cie\u013eom je aby aj t\u00e1 najbe\u017enej\u0161ia, \u010di najmen\u0161ia vec dostala svojho ducha v\u010faka d\u00f4sledn\u00e9mu prepracovaniu a\u00a0stala sa jedine\u010dnou s\u00a0nezabudnute\u013en\u00fdm vzh\u013eadom.&nbsp; V\u00edzia Chceme budova\u0165 spolo\u010dnos\u0165, ktor\u00e1 sa stane spo\u013eahliv\u00fdm partnerom pre na\u0161ich klientov. Neust\u00e1la pr\u00e1ca na zlep\u0161ovan\u00ed v\u00fdrobn\u00fdch procesov a\u00a0nasl\u00fachanie potrieb klientov n\u00e1s bude vies\u0165 vpred.&nbsp; Poslanie Na\u0161\u00edm poslan\u00edm je poskytn\u00fa\u0165 z\u00e1kazn\u00edkovi profesion\u00e1lny a\u00a0\u013eudsk\u00fd [&hellip;]<\/p>\n","protected":false},"author":1,"featured_media":0,"parent":0,"menu_order":0,"comment_status":"closed","ping_status":"closed","template":"","meta":{"_et_pb_use_builder":"on","_et_pb_old_content":"","_et_gb_content_width":"","footnotes":""},"class_list":["post-32","page","type-page","status-publish","hentry"],"_links":{"self":[{"href":"https:\/\/www.fiu3dprints.sk\/index.php\/wp-json\/wp\/v2\/pages\/32","targetHints":{"allow":["GET"]}}],"collection":[{"href":"https:\/\/www.fiu3dprints.sk\/index.php\/wp-json\/wp\/v2\/pages"}],"about":[{"href":"https:\/\/www.fiu3dprints.sk\/index.php\/wp-json\/wp\/v2\/types\/page"}],"author":[{"embeddable":true,"href":"https:\/\/www.fiu3dprints.sk\/index.php\/wp-json\/wp\/v2\/users\/1"}],"replies":[{"embeddable":true,"href":"https:\/\/www.fiu3dprints.sk\/index.php\/wp-json\/wp\/v2\/comments?post=32"}],"version-history":[{"count":10,"href":"https:\/\/www.fiu3dprints.sk\/index.php\/wp-json\/wp\/v2\/pages\/32\/revisions"}],"predecessor-version":[{"id":162,"href":"https:\/\/www.fiu3dprints.sk\/index.php\/wp-json\/wp\/v2\/pages\/32\/revisions\/162"}],"wp:attachment":[{"href":"https:\/\/www.fiu3dprints.sk\/index.php\/wp-json\/wp\/v2\/media?parent=32"}],"curies":[{"name":"wp","href":"https:\/\/api.w.org\/{rel}","templated":true}]}}