{"id":144,"date":"2025-03-22T20:28:07","date_gmt":"2025-03-22T19:28:07","guid":{"rendered":"https:\/\/www.fiu3dprints.sk\/?page_id=144"},"modified":"2025-03-22T21:28:57","modified_gmt":"2025-03-22T20:28:57","slug":"vop","status":"publish","type":"page","link":"https:\/\/www.fiu3dprints.sk\/index.php\/vop\/","title":{"rendered":"VOP"},"content":{"rendered":"<p>[et_pb_section fb_built=&#8221;1&#8243; _builder_version=&#8221;4.27.4&#8243; _module_preset=&#8221;default&#8221; background_color=&#8221;#6e6e6e&#8221; global_colors_info=&#8221;{}&#8221;][et_pb_row _builder_version=&#8221;4.27.4&#8243; _module_preset=&#8221;default&#8221; global_colors_info=&#8221;{}&#8221;][et_pb_column type=&#8221;4_4&#8243; _builder_version=&#8221;4.27.4&#8243; _module_preset=&#8221;default&#8221; global_colors_info=&#8221;{}&#8221;][et_pb_heading title=&#8221;V\u0161eobecn\u00e9 obchodn\u00e9 podmienky&#8221; _builder_version=&#8221;4.27.4&#8243; _module_preset=&#8221;default&#8221; title_font=&#8221;Nunito|800|||||||&#8221; title_text_align=&#8221;center&#8221; title_text_color=&#8221;#FFFFFF&#8221; min_height=&#8221;61px&#8221; custom_margin=&#8221;||44px|||&#8221; custom_padding=&#8221;||0px|||&#8221; global_colors_info=&#8221;{}&#8221;][\/et_pb_heading][et_pb_text _builder_version=&#8221;4.27.4&#8243; _module_preset=&#8221;default&#8221; text_font=&#8221;Nunito||||||||&#8221; text_text_color=&#8221;#FFFFFF&#8221; text_font_size=&#8221;18px&#8221; header_font=&#8221;Nunito||||||||&#8221; header_text_color=&#8221;#baff39&#8243; background_color=&#8221;RGBA(255,255,255,0)&#8221; width=&#8221;93.1%&#8221; min_height=&#8221;272.4px&#8221; custom_margin=&#8221;|||47px||&#8221; animation_style=&#8221;slide&#8221; animation_direction=&#8221;right&#8221; animation_duration=&#8221;1250ms&#8221; animation_intensity_slide=&#8221;10%&#8221; hover_enabled=&#8221;0&#8243; global_colors_info=&#8221;{}&#8221; sticky_enabled=&#8221;0&#8243;]<\/p>\n<p>Obchodn\u00e9 meno: FIU s. r. o.<\/p>\n<p>S\u00eddlo: Vl\u00e1rska 162\/31, 911 05 Tren\u010d\u00edn<\/p>\n<p>I\u010cO: 55 468 250<\/p>\n<p>DI\u010c: 2122009296<\/p>\n<p>Pr\u00e1va forma: s. r. o.<\/p>\n<p>Zap\u00edsan\u00fd: Obchodn\u00fd register Okresn\u00e9ho s\u00fadu Tren\u010d\u00edn, oddiel: Sro, vlo\u017eka \u010d. 45393\/R<\/p>\n<p>Zast\u00fapen\u00fd: Ing. Filip Bystrick\u00fd<\/p>\n<p>Email: info@fiu3dprints.sk<\/p>\n<p>Telef\u00f3nne \u010d\u00edslo: +421\u00a0947\u00a0954 737<\/p>\n<p>Web: www.fiu3dprints.sk<\/p>\n<p><span style=\"text-decoration: underline;\">\u00da\u010det<\/span><\/p>\n<p>N\u00e1zov banky: Fio banka, a. s.<\/p>\n<p>IBAN: SK2783300000002402589697<\/p>\n<p>BIC (SWIFT): FIOZSKBAXXX<\/p>\n<p>&nbsp;<\/p>\n<p>(\u010falej len \u201ePoskytovate\u013e\u201c)<\/p>\n<p>[\/et_pb_text][et_pb_text _builder_version=&#8221;4.27.4&#8243; _module_preset=&#8221;default&#8221; text_font=&#8221;Nunito||||||||&#8221; text_text_color=&#8221;#FFFFFF&#8221; text_font_size=&#8221;18px&#8221; header_font=&#8221;Nunito||||||||&#8221; header_text_color=&#8221;#baff39&#8243; background_color=&#8221;RGBA(255,255,255,0)&#8221; min_height=&#8221;272.4px&#8221; custom_padding=&#8221;7px|||||&#8221; animation_style=&#8221;slide&#8221; animation_direction=&#8221;right&#8221; animation_duration=&#8221;1250ms&#8221; animation_intensity_slide=&#8221;10%&#8221; global_colors_info=&#8221;{}&#8221;]<\/p>\n<h1><strong>\u00davodn\u00e9 ustanovenia<\/strong><\/h1>\n<p style=\"padding-left: 40px;\">1.1. T\u00fdmito V\u0161eobecn\u00fdmi obchodn\u00fdmi podmienkami sa riadia pr\u00e1vne vz\u0165ahy medzi Poskytovate\u013eom a ka\u017edou osobou, ktor\u00e1 je Objedn\u00e1vate\u013eom na webe Poskytovate\u013ea, ktor\u00e9 vznikaj\u00fa pri objednan\u00ed uvedenej slu\u017eby.<\/p>\n<p style=\"padding-left: 40px;\">1.2. Pr\u00e1vne vz\u0165ahy medzi Poskytovate\u013eom a\u00a0Objedn\u00e1vate\u013eom sa radia V\u0161eobecn\u00fdmi obchodn\u00fdmi podmienkami a ustanoveniami pr\u00edslu\u0161n\u00fdch pr\u00e1vnych predpisovnajm\u00e4 Ob\u010dianskeho z\u00e1konn\u00edka, Obchodn\u00e9ho z\u00e1konn\u00edka, Z\u00e1kona \u010d. 108\/2024 Z. z. o ochrane spotrebite\u013ea pri predaji tovaru alebo poskytovan\u00ed slu\u017eieb na z\u00e1klade zmluvy uzavretej na dia\u013eku alebo zmluvy uzavretej mimo prev\u00e1dzkov\u00fdch priestorov pred\u00e1vaj\u00faceho a Z\u00e1kona \u010d. 22\/2004 Z.z. o elektronickom obchode.<\/p>\n<p style=\"padding-left: 40px;\">1.3. K\u00fapnou zmluvou sa rozumie zmluva medzi Poskytovate\u013eom a Objedn\u00e1vate\u013eom, ktorej predmetom je k\u00fapa slu\u017eby pon\u00fakanej Poskytovate\u013eom na webe Poskytovate\u013ea (\u010falej len \u201cslu\u017eba\u201d) uzavret\u00e1 sp\u00f4sobom pod\u013ea \u010dl\u00e1nku 2. V\u0161eobecn\u00fdch obchodn\u00fdch podmienok.<\/p>\n<p>[\/et_pb_text][et_pb_text _builder_version=&#8221;4.27.4&#8243; _module_preset=&#8221;default&#8221; text_font=&#8221;Nunito||||||||&#8221; text_text_color=&#8221;#FFFFFF&#8221; text_font_size=&#8221;18px&#8221; header_font=&#8221;Nunito||||||||&#8221; header_text_color=&#8221;#baff39&#8243; background_color=&#8221;RGBA(255,255,255,0)&#8221; min_height=&#8221;272.4px&#8221; custom_padding=&#8221;7px|||||&#8221; animation_style=&#8221;slide&#8221; animation_direction=&#8221;right&#8221; animation_duration=&#8221;1250ms&#8221; animation_intensity_slide=&#8221;10%&#8221; global_colors_info=&#8221;{}&#8221;]<\/p>\n<h1><strong>Sp\u00f4sob objednania slu\u017eby a uzavretie k\u00fapnej zmluvy<\/strong><\/h1>\n<p>&nbsp;<\/p>\n<p style=\"padding-left: 40px;\">2.1. Objedn\u00e1vate\u013e si objedn\u00e1va slu\u017ebu prostredn\u00edctvom vyplnen\u00e9ho elektronick\u00e9ho objedn\u00e1vkov\u00e9ho formul\u00e1ra uveden\u00e9ho na internetovej str\u00e1nke pred\u00e1vaj\u00faceho (\u010falej len \u201cobjedn\u00e1vka\u201d) sp\u00f4sobom ur\u010den\u00fdm v nasleduj\u00facich ustanoveniach tohto \u010dl\u00e1nku V\u0161eobecn\u00fdch obchodn\u00fdch podmienok.<\/p>\n<p style=\"padding-left: 40px;\">2.2. Objedn\u00e1vate\u013e slu\u017eby vypln\u00ed v\u0161etky po\u017eadovan\u00e9 \u00fadaje uveden\u00e9 v objedn\u00e1vke. Pred definit\u00edvnym odoslan\u00edm objedn\u00e1vky m\u00e1 Objedn\u00e1vate\u013e mo\u017enos\u0165 objedn\u00e1vku a zadan\u00e9 \u00fadaje skontrolova\u0165. Objedn\u00e1vate\u013e potvrd\u00ed objedn\u00e1vku tla\u010didlom \u201cOdosla\u0165 objedn\u00e1vku\u201d. Objedn\u00e1vka sa pova\u017euje za odoslan\u00fa, ak bude doru\u010den\u00e1 Pred\u00e1vaj\u00facemu a bude obsahova\u0165 v\u0161etky po\u017eadovan\u00e9 \u00fadaje, t.j. dodaciu a faktura\u010dn\u00fa adresu so v\u0161etk\u00fdmi, v objedn\u00e1vkovom formul\u00e1ri, po\u017eadovan\u00fdmi \u00fadajmi, e-mailov\u00fd a telefonick\u00fd kontakt na objedn\u00e1vate\u013ea, n\u00e1zov objedn\u00e1van\u00e9ho tovaru, mno\u017estvo a taktie\u017e sp\u00f4sob dodania.<\/p>\n<p style=\"padding-left: 40px;\">Odoslan\u00e1 objedn\u00e1vka je n\u00e1vrhom na uzavretie k\u00fapnej zmluvy zo strany Objedn\u00e1vate\u013ea.<\/p>\n<p style=\"padding-left: 40px;\">2.3. Odoslanou objedn\u00e1vkou je Objedn\u00e1vate\u013e viazan\u00fd a m\u00f4\u017ee ju odvola\u0165 len v pr\u00edpade, ak toto odvolanie d\u00f4jde Pred\u00e1vaj\u00facemu sk\u00f4r, ako Pred\u00e1vaj\u00faci odo\u0161le e-mail s akcept\u00e1ciou objedn\u00e1vky Kupuj\u00facemu.<\/p>\n<p style=\"padding-left: 40px;\">2.4. Pred\u00e1vaj\u00faci za\u0161le na e-mailov\u00fa adresu Kupuj\u00faceho uveden\u00fa v objedn\u00e1vke e-mail s akcept\u00e1ciou objedn\u00e1vky Kupuj\u00faceho (\u010falej len \u201cakcept\u00e1cia\u201d).<\/p>\n<p style=\"padding-left: 40px;\">2.5. K\u00fapna zmluva je uzavret\u00e1 doru\u010den\u00edm akcept\u00e1cie Pred\u00e1vaj\u00faceho Kupuj\u00facemu.<\/p>\n<p style=\"padding-left: 40px;\">2.6. Pred\u00e1vaj\u00faci je opr\u00e1vnen\u00fd v z\u00e1vislosti od charakteru objedn\u00e1vky Kupuj\u00faceho \u2013 mno\u017estva tovaru, v\u00fd\u0161ky k\u00fapnej ceny, n\u00e1kladov na prepravu, vzdialenos\u0165ou a podobne, \u017eiada\u0165 od Kupuj\u00faceho autoriz\u00e1ciu (\u010fal\u0161ie potvrdenie) objedn\u00e1vky vhodn\u00fdm sp\u00f4sobom, ako napr\u00edklad v p\u00edsomnej forme alebo telefonicky.<\/p>\n<p style=\"padding-left: 40px;\">V pr\u00edpade, ak Objedn\u00e1vate\u013e t\u00fato autoriz\u00e1ciu (\u010fal\u0161ie potvrdenie) po\u017eadovan\u00fdm sp\u00f4sobom v lehote ur\u010denej Pred\u00e1vaj\u00facim nevykon\u00e1, k\u00fapna zmluva sa m\u00e1rnym uplynut\u00edm tejto lehoty od za\u010diatku ru\u0161\u00ed a m\u00e1 sa za to, \u017ee Kupuj\u00faci odvolal n\u00e1vrh k\u00fapnej zmluvy.<\/p>\n<p style=\"padding-left: 40px;\">O tejto skuto\u010dnosti informuje Pred\u00e1vaj\u00faci Kupuj\u00faceho e-mailovou spr\u00e1vou na e-mailov\u00fa adresu zadan\u00fa pri objedn\u00e1vke, alebo pri vyp\u013a\u0148an\u00ed elektronick\u00e9ho objedn\u00e1vkov\u00e9ho formul\u00e1ra. Zmluvn\u00e9 strany s\u00fa si povinn\u00e9 vyda\u0165 v\u0161etko, \u010do si do okamihu zru\u0161enia zmluvy plnili.<\/p>\n<p style=\"padding-left: 40px;\">2.7. Pred\u00e1vaj\u00faci si vyhradzuje pr\u00e1vo neodosla\u0165 akcept\u00e1ciu Kupuj\u00facemu v pr\u00edpade zjavnej tla\u010dovej chyby t\u00fdkaj\u00facej sa ceny, popisu alebo obr\u00e1zku tovaru v katal\u00f3gu tovarov uvedenom na internetovej str\u00e1nke Pred\u00e1vaj\u00faceho. Pred\u00e1vaj\u00faci si tie\u017e vyhradzuje pr\u00e1vo zru\u0161enia objedn\u00e1vky v pr\u00edpade zjavnej tla\u010dovej chyby t\u00fdkaj\u00facej sa ceny alebo popisu v\u00fdrobku v katal\u00f3gu tovarov. O zru\u0161en\u00ed objedn\u00e1vky z d\u00f4vodu zjavnej tla\u010dovej chyby bude Objedn\u00e1vate\u013e slu\u017eby informovan\u00fd telefonicky alebo emailom, ktor\u00fd Objedn\u00e1vate\u013e slu\u017eby uviedol pri vyp\u013a\u0148an\u00ed elektronick\u00e9ho objedn\u00e1vkov\u00e9ho formul\u00e1ra.<\/p>\n<p>[\/et_pb_text][et_pb_text _builder_version=&#8221;4.27.4&#8243; _module_preset=&#8221;default&#8221; text_font=&#8221;Nunito||||||||&#8221; text_text_color=&#8221;#FFFFFF&#8221; text_font_size=&#8221;18px&#8221; header_font=&#8221;Nunito||||||||&#8221; header_text_color=&#8221;#baff39&#8243; background_color=&#8221;RGBA(255,255,255,0)&#8221; min_height=&#8221;272.4px&#8221; custom_padding=&#8221;7px|||||&#8221; animation_style=&#8221;slide&#8221; animation_direction=&#8221;right&#8221; animation_duration=&#8221;1250ms&#8221; animation_intensity_slide=&#8221;10%&#8221; global_colors_info=&#8221;{}&#8221;]<\/p>\n<h1><strong>Charakteristika slu\u017eby<\/strong><\/h1>\n<p style=\"padding-left: 40px;\">3.1. Poskytovate\u013e pon\u00faka v\u00fdrobu na z\u00e1kazku (na mieru)\u00a0\u2013 prototypy a malos\u00e9riov\u00e1 v\u00fdroba pod\u013ea \u0161pecifik\u00e1cie z\u00e1kazn\u00edka s\u00fa vyroben\u00e9 konkr\u00e9tne predmety.<\/p>\n<p style=\"padding-left: 40px;\">3.2. Poskytovate\u013e si vyhradzuje mo\u017enos\u0165 odmietnu\u0165 ak\u00fako\u013evek objedn\u00e1vku, ktor\u00e1 m\u00f4\u017ee sp\u00f4sobi\u0165 poru\u0161enie z\u00e1kona, ako aj ak\u00fdchko\u013evek predmetov, ktor\u00e9 jasne poru\u0161uj\u00fa pr\u00e1vo du\u0161evn\u00e9ho vlastn\u00edctva tretej strany, napr. streln\u00e9 zbrane, predmety predstavuj\u00face rasistick\u00fd a n\u00e1siln\u00fd obsah bez umeleck\u00e9ho diela, obchodn\u00e1 zn\u00e1mka \u010di zna\u010dka at\u010f.<\/p>\n<p style=\"padding-left: 40px;\">3.3. 3D tla\u010d je charakteristick\u00e1 vzh\u013eadom v\u00fdrobkov a to najm\u00e4 vidite\u013en\u00fdmi vrstvami materi\u00e1lu a drobn\u00fdmi nedokonalos\u0165ami vo vzh\u013eade vypl\u00fdvaj\u00facimi z technol\u00f3gie v\u00fdroby. Tie nem\u00f4\u017eu by\u0165 d\u00f4vodom reklam\u00e1cie.<\/p>\n<p>[\/et_pb_text][et_pb_text _builder_version=&#8221;4.27.4&#8243; _module_preset=&#8221;default&#8221; text_font=&#8221;Nunito||||||||&#8221; text_text_color=&#8221;#FFFFFF&#8221; text_font_size=&#8221;18px&#8221; header_font=&#8221;Nunito||||||||&#8221; header_text_color=&#8221;#baff39&#8243; background_color=&#8221;RGBA(255,255,255,0)&#8221; min_height=&#8221;236.4px&#8221; custom_padding=&#8221;7px|||||&#8221; animation_style=&#8221;slide&#8221; animation_direction=&#8221;right&#8221; animation_duration=&#8221;1250ms&#8221; animation_intensity_slide=&#8221;10%&#8221; global_colors_info=&#8221;{}&#8221;]<\/p>\n<h1><strong>Cena a platobn\u00e9 podmienky<\/strong><\/h1>\n<p style=\"padding-left: 40px;\">4.1. Cena produktu je stanoven\u00e1 Poskytovate\u013eom, a z\u00e1vis\u00ed od materi\u00e1lu, \u010dasovej n\u00e1ro\u010dnosti, technickej zlo\u017eitosti, farby a \u010fal\u0161\u00edch skuto\u010dnost\u00ed.<\/p>\n<p style=\"padding-left: 40px;\">4.2. Cena je splatn\u00e1 v mene Euro.<\/p>\n<p style=\"padding-left: 40px;\">4.3. Platbu je mo\u017en\u00e9 urobi\u0165 prevodom na \u00fa\u010det vopred, alebo platobnou kartou, Google Pay, Apple Pay.<\/p>\n<p style=\"padding-left: 40px;\">4.4. Poskytovate\u013e je povinn\u00fd po objednan\u00ed slu\u017eby zasla\u0165 objedn\u00e1vate\u013eovi fakt\u00faru na poskytnut\u00fa e-mailov\u00fa adresu.<\/p>\n<p>[\/et_pb_text][et_pb_text _builder_version=&#8221;4.27.4&#8243; _module_preset=&#8221;default&#8221; text_font=&#8221;Nunito||||||||&#8221; text_text_color=&#8221;#FFFFFF&#8221; text_font_size=&#8221;18px&#8221; header_font=&#8221;Nunito||||||||&#8221; header_text_color=&#8221;#baff39&#8243; background_color=&#8221;RGBA(255,255,255,0)&#8221; min_height=&#8221;146.4px&#8221; custom_padding=&#8221;7px||0px|||&#8221; animation_style=&#8221;slide&#8221; animation_direction=&#8221;right&#8221; animation_duration=&#8221;1250ms&#8221; animation_intensity_slide=&#8221;10%&#8221; global_colors_info=&#8221;{}&#8221;]<\/p>\n<h1><strong>Dodacia lehota<\/strong><\/h1>\n<p style=\"padding-left: 40px;\">5.1. Dodacia lehota z\u00e1vis\u00ed od d\u013a\u017eky tla\u010de objedn\u00e1vky a aktu\u00e1lnej vy\u0165a\u017eenosti.<\/p>\n<p style=\"padding-left: 40px;\">5.2. Dodacia lehota bude z\u00e1kazn\u00edkovi ozn\u00e1men\u00e1 pred potvrden\u00edm objedn\u00e1vky.<\/p>\n<p>[\/et_pb_text][et_pb_text _builder_version=&#8221;4.27.4&#8243; _module_preset=&#8221;default&#8221; text_font=&#8221;Nunito||||||||&#8221; text_text_color=&#8221;#FFFFFF&#8221; text_font_size=&#8221;18px&#8221; header_font=&#8221;Nunito||||||||&#8221; header_text_color=&#8221;#baff39&#8243; background_color=&#8221;RGBA(255,255,255,0)&#8221; min_height=&#8221;272.4px&#8221; custom_padding=&#8221;7px||0px|||&#8221; animation_style=&#8221;slide&#8221; animation_direction=&#8221;right&#8221; animation_duration=&#8221;1250ms&#8221; animation_intensity_slide=&#8221;10%&#8221; global_colors_info=&#8221;{}&#8221;]<\/p>\n<h1><strong>Dodacie podmienky<\/strong><\/h1>\n<p style=\"padding-left: 40px;\">6.1. Dodanie je vykonan\u00e9 dostupn\u00fdm dopravcom, najm\u00e4 Packeta, in\u00e9 po vz\u00e1jomnej dohode. Tovar sme V\u00e1m povinn\u00ed doru\u010di\u0165 bezodkladne, najnesk\u00f4r v\u0161ak v lehote 30 dn\u00ed odo d\u0148a uzavretia Zmluvy. Pri plnen\u00ed Zmluvy m\u00f4\u017eu nasta\u0165 tak\u00e9 skuto\u010dnosti, ktor\u00e9 bud\u00fa ma\u0165 vplyv na term\u00edn doru\u010denia Vami objednan\u00e9ho Tovaru. O zmene term\u00ednu doru\u010denia a o novom predpokladanom term\u00edne doru\u010denia objednan\u00e9ho Tovaru V\u00e1s budeme e-mailom bezodkladne informova\u0165, pri\u010dom Va\u0161e pr\u00e1vo odst\u00fapi\u0165 od Zmluvy t\u00fdmto nie je dotknut\u00e9. S\u00fa\u010das\u0165ou N\u00e1\u0161ho ozn\u00e1menia o novom term\u00edne doru\u010denia Tovaru je aj Na\u0161a \u017eiados\u0165 adresovan\u00e1 V\u00e1m na vyjadrenie, \u010di trv\u00e1te na dodan\u00ed Vami objednan\u00e9ho Tovaru v novom term\u00edne<\/p>\n<p style=\"padding-left: 40px;\">6.2. Pri preberan\u00ed Tovaru od dopravcu je Va\u0161ou povinnos\u0165ou skontrolova\u0165 neporu\u0161enos\u0165 obalu Tovaru a v pr\u00edpade ak\u00e9hoko\u013evek po\u0161kodenia t\u00fato skuto\u010dnos\u0165 bezodkladne ozn\u00e1mi\u0165 dopravcovi a N\u00e1m. V pr\u00edpade, \u017ee do\u0161lo k po\u0161kodeniu obalu, ktor\u00e9 sved\u010d\u00ed o neopr\u00e1vnenej manipul\u00e1cii a vstupu do z\u00e1sielky, nie je Va\u0161ou povinnos\u0165ou Tovar od dopravcu prevzia\u0165.<\/p>\n<p style=\"padding-left: 40px;\">6.3.Tovar ste povinn\u00fd prevzia\u0165 v dohodnutom mieste a \u010dase. Ak si doru\u010dovan\u00fd Tovar neprevezmete pod\u013ea predch\u00e1dzaj\u00facej vety, e-mailom V\u00e1m ozn\u00e1mime, kde si m\u00f4\u017eete Tovar prevzia\u0165, vr\u00e1tane lehoty na jeho prevzatie alebo V\u00e1m Tovar na z\u00e1klade Va\u0161ej p\u00edsomnej \u017eiadosti zaslanej najnesk\u00f4r do 14 dn\u00ed od kedy ste si mali Tovar prevzia\u0165, op\u00e4tovne doru\u010d\u00edme, pri\u010dom sa zav\u00e4zujete n\u00e1m uhradi\u0165 v\u0161etky n\u00e1klady spojen\u00e9 s op\u00e4tovn\u00fdm doru\u010den\u00edm Tovaru.<\/p>\n<p>[\/et_pb_text][et_pb_text _builder_version=&#8221;4.27.4&#8243; _module_preset=&#8221;default&#8221; text_font=&#8221;Nunito||||||||&#8221; text_text_color=&#8221;#FFFFFF&#8221; text_font_size=&#8221;18px&#8221; header_font=&#8221;Nunito||||||||&#8221; header_text_color=&#8221;#baff39&#8243; background_color=&#8221;RGBA(255,255,255,0)&#8221; min_height=&#8221;169.4px&#8221; custom_margin=&#8221;||15px|||&#8221; custom_padding=&#8221;7px||0px|||&#8221; animation_style=&#8221;slide&#8221; animation_direction=&#8221;right&#8221; animation_duration=&#8221;1250ms&#8221; animation_intensity_slide=&#8221;10%&#8221; global_colors_info=&#8221;{}&#8221;]<\/p>\n<h1><strong>Z\u00e1ruka a vr\u00e1tenie tovaru<\/strong><\/h1>\n<p style=\"padding-left: 40px;\">7.1. Ke\u010f\u017ee v\u0161etok tovar je vyroben\u00fd na mieru Objedn\u00e1vate\u013e nem\u00f4\u017ee odst\u00fapi\u0165 od zmluvy do 14 dn\u00ed od doru\u010denia tovaru bez ud\u00e1vania d\u00f4vodu.<\/p>\n<p style=\"padding-left: 40px;\">7.2. Z\u00e1ru\u010dn\u00e1 doba je 2 roky.<\/p>\n<p>[\/et_pb_text][et_pb_text _builder_version=&#8221;4.27.4&#8243; _module_preset=&#8221;default&#8221; text_font=&#8221;Nunito||||||||&#8221; text_text_color=&#8221;#FFFFFF&#8221; text_font_size=&#8221;18px&#8221; header_font=&#8221;Nunito||||||||&#8221; header_text_color=&#8221;#baff39&#8243; background_color=&#8221;RGBA(255,255,255,0)&#8221; min_height=&#8221;272.4px&#8221; custom_padding=&#8221;7px||0px|||&#8221; animation_style=&#8221;slide&#8221; animation_direction=&#8221;right&#8221; animation_duration=&#8221;1250ms&#8221; animation_intensity_slide=&#8221;10%&#8221; global_colors_info=&#8221;{}&#8221;]<\/p>\n<h1><strong>Du\u0161evn\u00e9 vlastn\u00edctvo<\/strong><\/h1>\n<p style=\"padding-left: 40px;\">8.1 Objedn\u00e1vate\u013e, ktor\u00fd si d\u00e1 naceni\u0165 produkt (3D model, obr\u00e1zok, alebo n\u00e1vrh), vyhlasuje, \u017ee je autorom alebo dr\u017eite\u013eom v\u0161etk\u00fdch pr\u00e1v du\u0161evn\u00e9ho vlastn\u00edctva alebo licencii tohto produktu a \u017ee neporu\u0161il \u017eiadne pr\u00e1va du\u0161evn\u00e9ho vlastn\u00edctva ani licencie zaslan\u00edm tohto s\u00faboru.<\/p>\n<p style=\"padding-left: 40px;\">Objedn\u00e1vate\u013e ude\u013euje Poskytovate\u013eovi slu\u017eby pr\u00e1vo umiestni\u0165 obr\u00e1zky a vide\u00e1 produktov na webov\u00e9 str\u00e1nky a soci\u00e1lne siete.<\/p>\n<p>[\/et_pb_text][et_pb_heading title=&#8221;Reklama\u010dn\u00fd poriadok&#8221; disabled_on=&#8221;on|on|on&#8221; _builder_version=&#8221;4.27.4&#8243; _module_preset=&#8221;default&#8221; title_font=&#8221;Nunito|800|||||||&#8221; title_text_align=&#8221;center&#8221; title_text_color=&#8221;#FFFFFF&#8221; min_height=&#8221;61px&#8221; custom_margin=&#8221;101px||44px|||&#8221; custom_padding=&#8221;||0px|||&#8221; disabled=&#8221;on&#8221; global_colors_info=&#8221;{}&#8221;][\/et_pb_heading][et_pb_text _builder_version=&#8221;4.27.4&#8243; _module_preset=&#8221;default&#8221; text_font=&#8221;Nunito||||||||&#8221; text_text_color=&#8221;#FFFFFF&#8221; text_font_size=&#8221;18px&#8221; header_font=&#8221;Nunito||||||||&#8221; header_text_color=&#8221;#baff39&#8243; background_color=&#8221;RGBA(255,255,255,0)&#8221; min_height=&#8221;272.4px&#8221; custom_padding=&#8221;7px||0px|||&#8221; animation_style=&#8221;slide&#8221; animation_direction=&#8221;right&#8221; animation_duration=&#8221;1250ms&#8221; animation_intensity_slide=&#8221;10%&#8221; global_colors_info=&#8221;{}&#8221;]<\/p>\n<p>Zodpovednos\u0165 za vady tovaru<\/p>\n<p>Pred\u00e1vaj\u00faci nesie zodpovednos\u0165 za vady, ktor\u00e9 mal tovar v momente jeho prevzatia kupuj\u00facim, ako aj za chyby, ktor\u00e9 sa vyskytn\u00fa v priebehu z\u00e1ru\u010dnej doby. Pod\u013ea \u00a7 620 Z\u00e1kona \u010d. 40\/1964 Zb. Ob\u010diansky z\u00e1konn\u00edk trv\u00e1 z\u00e1ru\u010dn\u00e1 doba 2 roky, pokia\u013e pre \u0161pecifick\u00e9 pr\u00edpady nie je stanoven\u00e1 in\u00e1 lehota.<\/p>\n<p>Kupuj\u00faci je povinn\u00fd bezodkladne uplatni\u0165 reklam\u00e1ciu u pred\u00e1vaj\u00faceho pod\u013ea platn\u00e9ho reklama\u010dn\u00e9ho poriadku. Reklam\u00e1cie sa rie\u0161ia v s\u00falade s reklama\u010dn\u00fdm poriadkom dostupn\u00fdm na internetovej str\u00e1nke www.fiu3dprints.sk.<\/p>\n<p>Reklama\u010dn\u00fd poriadok sa vz\u0165ahuje na v\u0161etok tovar zak\u00fapen\u00fd prostredn\u00edctvom internetovej str\u00e1nky pred\u00e1vaj\u00faceho. Z\u00e1ru\u010dn\u00e1 doba za\u010d\u00edna plyn\u00fa\u0165 odo d\u0148a prevzatia tovaru kupuj\u00facim.<\/p>\n<p>Doba, po\u010das ktorej sa rie\u0161i reklam\u00e1cia, sa do z\u00e1ru\u010dnej doby nezapo\u010d\u00edtava. Ak sa tovar v r\u00e1mci reklam\u00e1cie vymen\u00ed za nov\u00fd, z\u00e1ru\u010dn\u00e1 doba za\u010d\u00edna be\u017ea\u0165 nanovo. Pr\u00e1va vypl\u00fdvaj\u00face zo zodpovednosti za vady zanikaj\u00fa, ak neboli uplatnen\u00e9 v r\u00e1mci z\u00e1ru\u010dnej doby.<\/p>\n<p>Kupuj\u00faci berie na vedomie, \u017ee ak je spolu s tovarom poskytnut\u00fd dar, na tento predmet nie je mo\u017en\u00e9 uplatni\u0165 reklam\u00e1ciu. Ak dar obsahuje vady, o ktor\u00fdch pred\u00e1vaj\u00faci vie, je povinn\u00fd kupuj\u00faceho o t\u00fdchto nedostatkoch informova\u0165.<\/p>\n<p>Postup pri uplatnen\u00ed reklam\u00e1cie<\/p>\n<p>Kupuj\u00faci m\u00f4\u017ee reklam\u00e1ciu poda\u0165 v prev\u00e1dzkarni pred\u00e1vaj\u00faceho v s\u00falade s \u00a7 18 ods. 2 Z\u00e1kona o ochrane spotrebite\u013ea, a to doru\u010den\u00edm tovaru spolu so v\u0161etk\u00fdm pr\u00edslu\u0161enstvom na adresu prev\u00e1dzky: FIU s. r. o., Vl\u00e1rska 192\/31, 91105 Tren\u010d\u00edn. Kupuj\u00faci vyp\u00ed\u0161e reklama\u010dn\u00fd formul\u00e1r, ktor\u00e9ho podoba je dostupn\u00e1 na internetovej str\u00e1nke pred\u00e1vaj\u00faceho, a v \u0148om presne uvedie typ a rozsah vady.<\/p>\n<p>Na z\u00e1klade po\u017eiadavky kupuj\u00faceho, ktor\u00fd si vyberie jedno z pr\u00e1v pod\u013ea \u00a7 622 a \u00a7 623 Ob\u010dianskeho z\u00e1konn\u00edka (oprava, v\u00fdmena tovaru alebo jeho s\u00fa\u010dasti, odst\u00fapenie od zmluvy), pred\u00e1vaj\u00faci ur\u010d\u00ed sp\u00f4sob rie\u0161enia reklam\u00e1cie pod\u013ea \u00a7 2 p\u00edsmeno m) Z\u00e1kona o ochrane spotrebite\u013ea. Tento postup sa stanov\u00ed ihne\u010f, v zlo\u017eitej\u0161\u00edch pr\u00edpadoch do 3 pracovn\u00fdch dn\u00ed, a ak je potrebn\u00e9 technick\u00e9 pos\u00fadenie, najnesk\u00f4r do 30 dn\u00ed od za\u010diatku reklama\u010dn\u00e9ho konania. Reklam\u00e1cia sa vybav\u00ed bez zbyto\u010dn\u00e9ho odkladu, maxim\u00e1lne v\u0161ak do 30 dn\u00ed od podania reklam\u00e1cie. Po tejto lehote m\u00e1 kupuj\u00faci pr\u00e1vo na v\u00fdmenu tovaru alebo odst\u00fapenie od zmluvy.<\/p>\n<p>Ak kupuj\u00faci pod\u00e1 reklam\u00e1ciu do 12 mesiacov od k\u00fapy, pred\u00e1vaj\u00faci ju m\u00f4\u017ee zamietnu\u0165 len na z\u00e1klade odborn\u00e9ho pos\u00fadenia, ktor\u00e9 kupuj\u00faci nemus\u00ed hradi\u0165. Ak sa reklam\u00e1cia uplatn\u00ed po 12 mesiacoch a pred\u00e1vaj\u00faci ju zamietne, je povinn\u00fd informova\u0165 kupuj\u00faceho o mo\u017enosti odborn\u00e9ho pos\u00fadenia. Ak sa odborn\u00e9 pos\u00fadenie preuk\u00e1\u017ee v prospech kupuj\u00faceho, reklam\u00e1cia sa m\u00f4\u017ee poda\u0165 znova a pred\u00e1vaj\u00faci je povinn\u00fd uhradi\u0165 s t\u00fdm spojen\u00e9 n\u00e1klady.<\/p>\n<p>Pri uplatnen\u00ed reklam\u00e1cie je pred\u00e1vaj\u00faci povinn\u00fd vystavi\u0165 potvrdenie o prijat\u00ed. Ak je reklam\u00e1cia pod\u00e1van\u00e1 elektronicky, potvrdenie sa za\u0161le kupuj\u00facemu bez zbyto\u010dn\u00e9ho odkladu, najnesk\u00f4r v\u0161ak s dokladom o jej vybaven\u00ed.<\/p>\n<p>&nbsp;<\/p>\n<p>Z\u00e1ruka sa nevz\u0165ahuje na:<\/p>\n<p style=\"padding-left: 40px;\">&#8211; vady, o ktor\u00fdch bol kupuj\u00faci informovan\u00fd pred k\u00fapou,<\/p>\n<p style=\"padding-left: 40px;\">&#8211; mechanick\u00e9 po\u0161kodenie sp\u00f4soben\u00e9 kupuj\u00facim,<\/p>\n<p style=\"padding-left: 40px;\">&#8211; nevhodn\u00e9 podmienky skladovania a pou\u017e\u00edvania,<\/p>\n<p style=\"padding-left: 40px;\">&#8211; po\u0161kodenie n\u00e1hodnou udalos\u0165ou, dopravou, \u017eivelnou pohromou.<\/p>\n<p>Reklama\u010dn\u00e9 konanie sa kon\u010d\u00ed opravou, v\u00fdmenou, v\u00fdplatou z\u013eavy, v\u00fdzvou na prevzatie alebo zamietnut\u00edm reklam\u00e1cie.<\/p>\n<p>[\/et_pb_text][et_pb_button button_text=&#8221;Stiahnu\u0165 reklama\u010dn\u00fd formul\u00e1r&#8221; _builder_version=&#8221;4.27.4&#8243; _module_preset=&#8221;default&#8221; global_colors_info=&#8221;{}&#8221;][\/et_pb_button][\/et_pb_column][\/et_pb_row][\/et_pb_section]<\/p>\n","protected":false},"excerpt":{"rendered":"<p>Obchodn\u00e9 meno: FIU s. r. o. S\u00eddlo: Vl\u00e1rska 162\/31, 911 05 Tren\u010d\u00edn I\u010cO: 55 468 250 DI\u010c: 2122009296 Pr\u00e1va forma: s. r. o. Zap\u00edsan\u00fd: Obchodn\u00fd register Okresn\u00e9ho s\u00fadu Tren\u010d\u00edn, oddiel: Sro, vlo\u017eka \u010d. 45393\/R Zast\u00fapen\u00fd: Ing. Filip Bystrick\u00fd Email: info@fiu3dprints.sk Telef\u00f3nne \u010d\u00edslo: +421\u00a0947\u00a0954 737 Web: www.fiu3dprints.sk \u00da\u010det N\u00e1zov banky: Fio banka, a. s. IBAN: SK2783300000002402589697 [&hellip;]<\/p>\n","protected":false},"author":1,"featured_media":0,"parent":0,"menu_order":0,"comment_status":"closed","ping_status":"closed","template":"","meta":{"_et_pb_use_builder":"on","_et_pb_old_content":"","_et_gb_content_width":"","footnotes":""},"class_list":["post-144","page","type-page","status-publish","hentry"],"_links":{"self":[{"href":"https:\/\/www.fiu3dprints.sk\/index.php\/wp-json\/wp\/v2\/pages\/144","targetHints":{"allow":["GET"]}}],"collection":[{"href":"https:\/\/www.fiu3dprints.sk\/index.php\/wp-json\/wp\/v2\/pages"}],"about":[{"href":"https:\/\/www.fiu3dprints.sk\/index.php\/wp-json\/wp\/v2\/types\/page"}],"author":[{"embeddable":true,"href":"https:\/\/www.fiu3dprints.sk\/index.php\/wp-json\/wp\/v2\/users\/1"}],"replies":[{"embeddable":true,"href":"https:\/\/www.fiu3dprints.sk\/index.php\/wp-json\/wp\/v2\/comments?post=144"}],"version-history":[{"count":5,"href":"https:\/\/www.fiu3dprints.sk\/index.php\/wp-json\/wp\/v2\/pages\/144\/revisions"}],"predecessor-version":[{"id":172,"href":"https:\/\/www.fiu3dprints.sk\/index.php\/wp-json\/wp\/v2\/pages\/144\/revisions\/172"}],"wp:attachment":[{"href":"https:\/\/www.fiu3dprints.sk\/index.php\/wp-json\/wp\/v2\/media?parent=144"}],"curies":[{"name":"wp","href":"https:\/\/api.w.org\/{rel}","templated":true}]}}